{"id":9221,"date":"2021-09-30T10:12:48","date_gmt":"2021-09-30T08:12:48","guid":{"rendered":"https:\/\/mondepechetoi.it\/depeche-toi\/"},"modified":"2022-10-10T11:27:53","modified_gmt":"2022-10-10T09:27:53","slug":"mondepechetoi","status":"publish","type":"page","link":"https:\/\/mondepechetoi.it\/en\/mondepechetoi\/","title":{"rendered":"Mond\u00e9p\u00eachetoi"},"content":{"rendered":"\t\t<div data-elementor-type=\"wp-page\" data-elementor-id=\"9221\" class=\"elementor elementor-9221 elementor-8782\" data-elementor-post-type=\"page\">\n\t\t\t\t\t\t<section class=\"elementor-section elementor-top-section elementor-element elementor-element-b7a4c6f elementor-section-full_width elementor-section-height-min-height elementor-section-height-default elementor-section-items-middle qodef-elementor-content-no\" data-id=\"b7a4c6f\" data-element_type=\"section\" data-e-type=\"section\" data-settings=\"{&quot;background_background&quot;:&quot;classic&quot;}\">\n\t\t\t\t\t\t<div class=\"elementor-container elementor-column-gap-no\">\n\t\t\t\t\t<div class=\"elementor-column elementor-col-100 elementor-top-column elementor-element elementor-element-4e5a7c4\" data-id=\"4e5a7c4\" data-element_type=\"column\" data-e-type=\"column\">\n\t\t\t<div class=\"elementor-widget-wrap elementor-element-populated\">\n\t\t\t\t\t\t<div class=\"elementor-element elementor-element-c55d500 elementor-widget elementor-widget-spacer\" data-id=\"c55d500\" data-element_type=\"widget\" data-e-type=\"widget\" data-widget_type=\"spacer.default\">\n\t\t\t\t<div class=\"elementor-widget-container\">\n\t\t\t\t\t\t\t<div class=\"elementor-spacer\">\n\t\t\t<div class=\"elementor-spacer-inner\"><\/div>\n\t\t<\/div>\n\t\t\t\t\t\t<\/div>\n\t\t\t\t<\/div>\n\t\t\t\t\t<\/div>\n\t\t<\/div>\n\t\t\t\t\t<\/div>\n\t\t<\/section>\n\t\t\t\t<section class=\"elementor-section elementor-top-section elementor-element elementor-element-6ca3274 elementor-section-boxed elementor-section-height-default elementor-section-height-default qodef-elementor-content-no\" data-id=\"6ca3274\" data-element_type=\"section\" data-e-type=\"section\">\n\t\t\t\t\t\t<div class=\"elementor-container elementor-column-gap-default\">\n\t\t\t\t\t<div class=\"elementor-column elementor-col-100 elementor-top-column elementor-element elementor-element-9aa6a82\" data-id=\"9aa6a82\" data-element_type=\"column\" data-e-type=\"column\">\n\t\t\t<div class=\"elementor-widget-wrap elementor-element-populated\">\n\t\t\t\t\t\t<div class=\"elementor-element elementor-element-c8ee2d4 elementor-widget__width-inherit elementor-widget elementor-widget-vokial_core_section_title\" data-id=\"c8ee2d4\" data-element_type=\"widget\" data-e-type=\"widget\" data-widget_type=\"vokial_core_section_title.default\">\n\t\t\t\t<div class=\"elementor-widget-container\">\n\t\t\t\t\t<div class=\"qodef-shortcode qodef-m  qodef-section-title qodef-alignment--left \">\n\t\t\t<h3 class=\"qodef-m-title\" >\n\t\t\t\t\tR.S.V.P.\t\t\t<\/h3>\n\t\t<p class=\"qodef-m-text\" >Free explorers, custodians of loyalty, sun worshippers, accomplices to living, today we feel bound to share this urgency with the world, this feeling that comes over us every day and drives us. Freedom.\nA huge word that sits in the palm of your hand. It\u2019s in all our hands. We want to share this freedom, and we want to do so by respecting our home. By respecting the world. D\u00e9p\u00eache-toi is our passkey, a simple decision which is as unique as we are. Respect accompanies this decision.\nStories about women, men, and the world they live in.<\/p>\n<\/div>\t\t\t\t<\/div>\n\t\t\t\t<\/div>\n\t\t\t\t\t<\/div>\n\t\t<\/div>\n\t\t\t\t\t<\/div>\n\t\t<\/section>\n\t\t\t\t<section class=\"elementor-section elementor-top-section elementor-element elementor-element-17b84ca3 elementor-section-full_width elementor-section-height-min-height elementor-section-content-middle elementor-section-height-default elementor-section-items-middle qodef-elementor-content-no\" data-id=\"17b84ca3\" data-element_type=\"section\" data-e-type=\"section\" data-settings=\"{&quot;background_background&quot;:&quot;classic&quot;}\">\n\t\t\t\t\t\t<div class=\"elementor-container elementor-column-gap-default\">\n\t\t\t\t\t<div class=\"elementor-column elementor-col-100 elementor-top-column elementor-element elementor-element-30c29ce7\" data-id=\"30c29ce7\" data-element_type=\"column\" data-e-type=\"column\" id=\"play-video\">\n\t\t\t<div class=\"elementor-widget-wrap elementor-element-populated\">\n\t\t\t\t\t\t<div class=\"elementor-element elementor-element-f32563b elementor-align-center elementor-widget elementor-widget-button\" data-id=\"f32563b\" data-element_type=\"widget\" data-e-type=\"widget\" data-widget_type=\"button.default\">\n\t\t\t\t<div class=\"elementor-widget-container\">\n\t\t\t\t\t\t\t\t\t<div class=\"elementor-button-wrapper\">\n\t\t\t\t\t<a class=\"elementor-button elementor-button-link elementor-size-xl\" href=\"#elementor-action%3Aaction%3Dlightbox%26settings%3DeyJ0eXBlIjoidmlkZW8iLCJ2aWRlb1R5cGUiOiJob3N0ZWQiLCJ1cmwiOiJodHRwczpcL1wvbW9uZGVwZWNoZXRvaS5pdFwvd3AtY29udGVudFwvdXBsb2Fkc1wvMjAyMlwvMTBcL0RlcGVjaGV0b2ktTmV3LUNvbGxlY3Rpb24tMjAyMi1sb3cubXA0In0%3D\" id=\"bottone-play\">\n\t\t\t\t\t\t<span class=\"elementor-button-content-wrapper\">\n\t\t\t\t\t\t\t\t\t<span class=\"elementor-button-text\">PLAY VIDEO<\/span>\n\t\t\t\t\t<\/span>\n\t\t\t\t\t<\/a>\n\t\t\t\t<\/div>\n\t\t\t\t\t\t\t\t<\/div>\n\t\t\t\t<\/div>\n\t\t\t\t\t<\/div>\n\t\t<\/div>\n\t\t\t\t\t<\/div>\n\t\t<\/section>\n\t\t\t\t<section class=\"elementor-section elementor-top-section elementor-element elementor-element-60da005 elementor-section-boxed elementor-section-height-default elementor-section-height-default qodef-elementor-content-no\" data-id=\"60da005\" data-element_type=\"section\" data-e-type=\"section\">\n\t\t\t\t\t\t<div class=\"elementor-container elementor-column-gap-default\">\n\t\t\t\t\t<div class=\"elementor-column elementor-col-100 elementor-top-column elementor-element elementor-element-b600cc6\" data-id=\"b600cc6\" data-element_type=\"column\" data-e-type=\"column\">\n\t\t\t<div class=\"elementor-widget-wrap elementor-element-populated\">\n\t\t\t\t\t\t<div class=\"elementor-element elementor-element-f965ba5 elementor-widget__width-inherit elementor-widget elementor-widget-vokial_core_section_title\" data-id=\"f965ba5\" data-element_type=\"widget\" data-e-type=\"widget\" data-widget_type=\"vokial_core_section_title.default\">\n\t\t\t\t<div class=\"elementor-widget-container\">\n\t\t\t\t\t<div class=\"qodef-shortcode qodef-m  qodef-section-title qodef-alignment--left \">\n\t\t\t<h3 class=\"qodef-m-title\" >\n\t\t\t\t\tCHAPTER 1\t\t\t<\/h3>\n\t\t<p class=\"qodef-m-text\" >D\u00e9p\u00eache-toi originates from one of the oldest and renowned textile districts in Italy, a brand whose DNA is 100% recycled, just like the fabrics and wool used in the making of its garments. Decades of sartorial tradition in the skillful hands of Tuscan artisans guarantee premium quality and the creation of timeless pieces, designed to accompany every step in the world. Deliberately genderless, the D\u00e9p\u00eache-toi trench coat is sheer elegance, freedom and respect, three interpretations of the first chapter of an exciting story we want to share.<\/p>\n<\/div>\t\t\t\t<\/div>\n\t\t\t\t<\/div>\n\t\t\t\t\t<\/div>\n\t\t<\/div>\n\t\t\t\t\t<\/div>\n\t\t<\/section>\n\t\t\t\t<section class=\"elementor-section elementor-top-section elementor-element elementor-element-3381f22 elementor-section-full_width elementor-section-height-min-height elementor-section-height-default elementor-section-items-middle qodef-elementor-content-no\" data-id=\"3381f22\" data-element_type=\"section\" data-e-type=\"section\" data-settings=\"{&quot;background_background&quot;:&quot;classic&quot;}\">\n\t\t\t\t\t\t<div class=\"elementor-container elementor-column-gap-no\">\n\t\t\t\t\t<div class=\"elementor-column elementor-col-100 elementor-top-column elementor-element elementor-element-e6d4554\" data-id=\"e6d4554\" data-element_type=\"column\" data-e-type=\"column\">\n\t\t\t<div class=\"elementor-widget-wrap elementor-element-populated\">\n\t\t\t\t\t\t<div class=\"elementor-element elementor-element-ce3d743 elementor-widget elementor-widget-spacer\" data-id=\"ce3d743\" data-element_type=\"widget\" data-e-type=\"widget\" data-widget_type=\"spacer.default\">\n\t\t\t\t<div class=\"elementor-widget-container\">\n\t\t\t\t\t\t\t<div class=\"elementor-spacer\">\n\t\t\t<div class=\"elementor-spacer-inner\"><\/div>\n\t\t<\/div>\n\t\t\t\t\t\t<\/div>\n\t\t\t\t<\/div>\n\t\t\t\t\t<\/div>\n\t\t<\/div>\n\t\t\t\t\t<\/div>\n\t\t<\/section>\n\t\t\t\t<\/div>\n\t\t","protected":false},"excerpt":{"rendered":"<p>R.S.V.P. Free explorers, custodians of loyalty, sun worshippers, accomplices to living, today we feel bound to share this urgency with the world, this feeling that comes over us every day and drives us. Freedom. A huge word that sits in the palm of your hand. It\u2019s in all our hands. We want to share this [&hellip;]<\/p>\n","protected":false},"author":1,"featured_media":0,"parent":0,"menu_order":0,"comment_status":"closed","ping_status":"closed","template":"page-full-width.php","meta":{"footnotes":""},"class_list":["post-9221","page","type-page","status-publish","hentry"],"yoast_head":"<!-- This site is optimized with the Yoast SEO plugin v27.3 - https:\/\/yoast.com\/product\/yoast-seo-wordpress\/ -->\n<title>Mond\u00e9p\u00eachetoi - d\u00e9p\u00eache toi<\/title>\n<meta name=\"robots\" content=\"index, follow, max-snippet:-1, max-image-preview:large, max-video-preview:-1\" \/>\n<link rel=\"canonical\" href=\"https:\/\/mondepechetoi.it\/en\/mondepechetoi\/\" \/>\n<meta property=\"og:locale\" content=\"en_US\" \/>\n<meta property=\"og:type\" content=\"article\" \/>\n<meta property=\"og:title\" content=\"Mond\u00e9p\u00eachetoi - d\u00e9p\u00eache toi\" \/>\n<meta property=\"og:description\" content=\"R.S.V.P. Free explorers, custodians of loyalty, sun worshippers, accomplices to living, today we feel bound to share this urgency with the world, this feeling that comes over us every day and drives us. Freedom. A huge word that sits in the palm of your hand. It\u2019s in all our hands. We want to share this [&hellip;]\" \/>\n<meta property=\"og:url\" content=\"https:\/\/mondepechetoi.it\/en\/mondepechetoi\/\" \/>\n<meta property=\"og:site_name\" content=\"d\u00e9p\u00eache toi\" \/>\n<meta property=\"article:modified_time\" content=\"2022-10-10T09:27:53+00:00\" \/>\n<meta name=\"twitter:card\" content=\"summary_large_image\" \/>\n<meta name=\"twitter:label1\" content=\"Est. reading time\" \/>\n\t<meta name=\"twitter:data1\" content=\"1 minute\" \/>\n<script type=\"application\/ld+json\" class=\"yoast-schema-graph\">{\"@context\":\"https:\\\/\\\/schema.org\",\"@graph\":[{\"@type\":\"WebPage\",\"@id\":\"https:\\\/\\\/mondepechetoi.it\\\/en\\\/mondepechetoi\\\/\",\"url\":\"https:\\\/\\\/mondepechetoi.it\\\/en\\\/mondepechetoi\\\/\",\"name\":\"Mond\u00e9p\u00eachetoi - d\u00e9p\u00eache toi\",\"isPartOf\":{\"@id\":\"https:\\\/\\\/mondepechetoi.it\\\/en\\\/#website\"},\"datePublished\":\"2021-09-30T08:12:48+00:00\",\"dateModified\":\"2022-10-10T09:27:53+00:00\",\"breadcrumb\":{\"@id\":\"https:\\\/\\\/mondepechetoi.it\\\/en\\\/mondepechetoi\\\/#breadcrumb\"},\"inLanguage\":\"en-US\",\"potentialAction\":[{\"@type\":\"ReadAction\",\"target\":[\"https:\\\/\\\/mondepechetoi.it\\\/en\\\/mondepechetoi\\\/\"]}]},{\"@type\":\"BreadcrumbList\",\"@id\":\"https:\\\/\\\/mondepechetoi.it\\\/en\\\/mondepechetoi\\\/#breadcrumb\",\"itemListElement\":[{\"@type\":\"ListItem\",\"position\":1,\"name\":\"Home\",\"item\":\"https:\\\/\\\/mondepechetoi.it\\\/en\\\/\"},{\"@type\":\"ListItem\",\"position\":2,\"name\":\"Mond\u00e9p\u00eachetoi\"}]},{\"@type\":\"WebSite\",\"@id\":\"https:\\\/\\\/mondepechetoi.it\\\/en\\\/#website\",\"url\":\"https:\\\/\\\/mondepechetoi.it\\\/en\\\/\",\"name\":\"d\u00e9p\u00eache toi\",\"description\":\"R.S.V.P.\",\"publisher\":{\"@id\":\"https:\\\/\\\/mondepechetoi.it\\\/en\\\/#organization\"},\"potentialAction\":[{\"@type\":\"SearchAction\",\"target\":{\"@type\":\"EntryPoint\",\"urlTemplate\":\"https:\\\/\\\/mondepechetoi.it\\\/en\\\/?s={search_term_string}\"},\"query-input\":{\"@type\":\"PropertyValueSpecification\",\"valueRequired\":true,\"valueName\":\"search_term_string\"}}],\"inLanguage\":\"en-US\"},{\"@type\":\"Organization\",\"@id\":\"https:\\\/\\\/mondepechetoi.it\\\/en\\\/#organization\",\"name\":\"Depeche toi\",\"url\":\"https:\\\/\\\/mondepechetoi.it\\\/en\\\/\",\"logo\":{\"@type\":\"ImageObject\",\"inLanguage\":\"en-US\",\"@id\":\"https:\\\/\\\/mondepechetoi.it\\\/en\\\/#\\\/schema\\\/logo\\\/image\\\/\",\"url\":\"https:\\\/\\\/mondepechetoi.it\\\/wp-content\\\/uploads\\\/2021\\\/08\\\/DT_Logo.png\",\"contentUrl\":\"https:\\\/\\\/mondepechetoi.it\\\/wp-content\\\/uploads\\\/2021\\\/08\\\/DT_Logo.png\",\"width\":550,\"height\":170,\"caption\":\"Depeche toi\"},\"image\":{\"@id\":\"https:\\\/\\\/mondepechetoi.it\\\/en\\\/#\\\/schema\\\/logo\\\/image\\\/\"},\"sameAs\":[\"https:\\\/\\\/www.instagram.com\\\/mondepechetoi\\\/\",\"https:\\\/\\\/www.youtube.com\\\/channel\\\/UCTfykvGHbUmRWvvBIHeEKWw\"]}]}<\/script>\n<!-- \/ Yoast SEO plugin. -->","yoast_head_json":{"title":"Mond\u00e9p\u00eachetoi - d\u00e9p\u00eache toi","robots":{"index":"index","follow":"follow","max-snippet":"max-snippet:-1","max-image-preview":"max-image-preview:large","max-video-preview":"max-video-preview:-1"},"canonical":"https:\/\/mondepechetoi.it\/en\/mondepechetoi\/","og_locale":"en_US","og_type":"article","og_title":"Mond\u00e9p\u00eachetoi - d\u00e9p\u00eache toi","og_description":"R.S.V.P. Free explorers, custodians of loyalty, sun worshippers, accomplices to living, today we feel bound to share this urgency with the world, this feeling that comes over us every day and drives us. Freedom. A huge word that sits in the palm of your hand. It\u2019s in all our hands. We want to share this [&hellip;]","og_url":"https:\/\/mondepechetoi.it\/en\/mondepechetoi\/","og_site_name":"d\u00e9p\u00eache toi","article_modified_time":"2022-10-10T09:27:53+00:00","twitter_card":"summary_large_image","twitter_misc":{"Est. reading time":"1 minute"},"schema":{"@context":"https:\/\/schema.org","@graph":[{"@type":"WebPage","@id":"https:\/\/mondepechetoi.it\/en\/mondepechetoi\/","url":"https:\/\/mondepechetoi.it\/en\/mondepechetoi\/","name":"Mond\u00e9p\u00eachetoi - d\u00e9p\u00eache toi","isPartOf":{"@id":"https:\/\/mondepechetoi.it\/en\/#website"},"datePublished":"2021-09-30T08:12:48+00:00","dateModified":"2022-10-10T09:27:53+00:00","breadcrumb":{"@id":"https:\/\/mondepechetoi.it\/en\/mondepechetoi\/#breadcrumb"},"inLanguage":"en-US","potentialAction":[{"@type":"ReadAction","target":["https:\/\/mondepechetoi.it\/en\/mondepechetoi\/"]}]},{"@type":"BreadcrumbList","@id":"https:\/\/mondepechetoi.it\/en\/mondepechetoi\/#breadcrumb","itemListElement":[{"@type":"ListItem","position":1,"name":"Home","item":"https:\/\/mondepechetoi.it\/en\/"},{"@type":"ListItem","position":2,"name":"Mond\u00e9p\u00eachetoi"}]},{"@type":"WebSite","@id":"https:\/\/mondepechetoi.it\/en\/#website","url":"https:\/\/mondepechetoi.it\/en\/","name":"d\u00e9p\u00eache toi","description":"R.S.V.P.","publisher":{"@id":"https:\/\/mondepechetoi.it\/en\/#organization"},"potentialAction":[{"@type":"SearchAction","target":{"@type":"EntryPoint","urlTemplate":"https:\/\/mondepechetoi.it\/en\/?s={search_term_string}"},"query-input":{"@type":"PropertyValueSpecification","valueRequired":true,"valueName":"search_term_string"}}],"inLanguage":"en-US"},{"@type":"Organization","@id":"https:\/\/mondepechetoi.it\/en\/#organization","name":"Depeche toi","url":"https:\/\/mondepechetoi.it\/en\/","logo":{"@type":"ImageObject","inLanguage":"en-US","@id":"https:\/\/mondepechetoi.it\/en\/#\/schema\/logo\/image\/","url":"https:\/\/mondepechetoi.it\/wp-content\/uploads\/2021\/08\/DT_Logo.png","contentUrl":"https:\/\/mondepechetoi.it\/wp-content\/uploads\/2021\/08\/DT_Logo.png","width":550,"height":170,"caption":"Depeche toi"},"image":{"@id":"https:\/\/mondepechetoi.it\/en\/#\/schema\/logo\/image\/"},"sameAs":["https:\/\/www.instagram.com\/mondepechetoi\/","https:\/\/www.youtube.com\/channel\/UCTfykvGHbUmRWvvBIHeEKWw"]}]}},"_links":{"self":[{"href":"https:\/\/mondepechetoi.it\/en\/wp-json\/wp\/v2\/pages\/9221","targetHints":{"allow":["GET"]}}],"collection":[{"href":"https:\/\/mondepechetoi.it\/en\/wp-json\/wp\/v2\/pages"}],"about":[{"href":"https:\/\/mondepechetoi.it\/en\/wp-json\/wp\/v2\/types\/page"}],"author":[{"embeddable":true,"href":"https:\/\/mondepechetoi.it\/en\/wp-json\/wp\/v2\/users\/1"}],"replies":[{"embeddable":true,"href":"https:\/\/mondepechetoi.it\/en\/wp-json\/wp\/v2\/comments?post=9221"}],"version-history":[{"count":5,"href":"https:\/\/mondepechetoi.it\/en\/wp-json\/wp\/v2\/pages\/9221\/revisions"}],"predecessor-version":[{"id":10957,"href":"https:\/\/mondepechetoi.it\/en\/wp-json\/wp\/v2\/pages\/9221\/revisions\/10957"}],"wp:attachment":[{"href":"https:\/\/mondepechetoi.it\/en\/wp-json\/wp\/v2\/media?parent=9221"}],"curies":[{"name":"wp","href":"https:\/\/api.w.org\/{rel}","templated":true}]}}